{"id":1425,"date":"2025-04-29T21:11:19","date_gmt":"2025-04-29T20:11:19","guid":{"rendered":"https:\/\/laclairiereresidency.com\/?page_id=1425"},"modified":"2025-06-05T16:20:28","modified_gmt":"2025-06-05T15:20:28","slug":"infos-pratiques","status":"publish","type":"page","link":"https:\/\/laclairiereresidency.com\/en\/infos-pratiques\/","title":{"rendered":"Practical Information"},"content":{"rendered":"<div data-elementor-type=\"wp-page\" data-elementor-id=\"1425\" class=\"elementor elementor-1425\" data-elementor-post-type=\"page\">\n\t\t\t\t<div class=\"elementor-element elementor-element-4f32491 e-con-full e-flex e-con e-parent\" data-id=\"4f32491\" data-element_type=\"container\" data-e-type=\"container\" data-settings=\"{&quot;background_background&quot;:&quot;classic&quot;}\">\n\t\t\t\t<div class=\"elementor-element elementor-element-49a1dc7 elementor-widget elementor-widget-heading\" data-id=\"49a1dc7\" data-element_type=\"widget\" data-e-type=\"widget\" data-widget_type=\"heading.default\">\n\t\t\t\t<div class=\"elementor-widget-container\">\n\t\t\t\t\t<h2 class=\"elementor-heading-title elementor-size-default\">Practical info<\/h2>\t\t\t\t<\/div>\n\t\t\t\t<\/div>\n\t\t\t\t<\/div>\n\t\t<div class=\"elementor-element elementor-element-5e0accf e-flex e-con-boxed e-con e-parent\" data-id=\"5e0accf\" data-element_type=\"container\" data-e-type=\"container\">\n\t\t\t\t\t<div class=\"e-con-inner\">\n\t\t\t\t<div class=\"elementor-element elementor-element-431fbb5 elementor-widget elementor-widget-heading\" data-id=\"431fbb5\" data-element_type=\"widget\" data-e-type=\"widget\" data-widget_type=\"heading.default\">\n\t\t\t\t<div class=\"elementor-widget-container\">\n\t\t\t\t\t<h2 class=\"elementor-heading-title elementor-size-default\">How it works<\/h2>\t\t\t\t<\/div>\n\t\t\t\t<\/div>\n\t\t\t\t\t<\/div>\n\t\t\t\t<\/div>\n\t\t<div class=\"elementor-element elementor-element-fce6673 e-con-full e-flex e-con e-parent\" data-id=\"fce6673\" data-element_type=\"container\" data-e-type=\"container\">\n\t\t<div class=\"elementor-element elementor-element-3dd139d e-con-full e-flex e-con e-child\" data-id=\"3dd139d\" data-element_type=\"container\" data-e-type=\"container\">\n\t\t\t\t<div class=\"elementor-element elementor-element-b29fa7d elementor-widget elementor-widget-text-editor\" data-id=\"b29fa7d\" data-element_type=\"widget\" data-e-type=\"widget\" data-widget_type=\"text-editor.default\">\n\t\t\t\t<div class=\"elementor-widget-container\">\n\t\t\t\t\t\t\t\t\t<ul><li>La Clairi\u00e8re is an eco-responsible place located in the middle of fields but with electricity and running water. We ask our residents to have (1) a sensible attitude to their energy consumption and (2) the greatest respect for the surrounding nature, so that it is disturbed as little as possible by our presence.<\/li><li>We provide you with the necessary sheets and towels for your stay.<\/li><li>Our kitchen is fully equipped (fridge, oven, electric hobs).<\/li><li>You will be living in an area that is in harmony with the surrounding farmland, with a tractor also using the road leading up to the chalet. This dirt road may be more difficult to negotiate in winter, depending on the weather.<\/li><li>One last important point: La Clairi\u00e8re does not have a Wifi connection.<br \/>We believe that by disconnecting yourself, in every sense of the word, from traditional sources of inspiration, you can put your own imagination to work. But don't forget that the venue is in an area with 4G coverage.<\/li><\/ul>\t\t\t\t\t\t\t\t<\/div>\n\t\t\t\t<\/div>\n\t\t\t\t<\/div>\n\t\t<div class=\"elementor-element elementor-element-6140254 e-con-full e-flex e-con e-child\" data-id=\"6140254\" data-element_type=\"container\" data-e-type=\"container\">\n\t\t\t\t<div class=\"elementor-element elementor-element-297c4bd elementor-widget elementor-widget-image\" data-id=\"297c4bd\" data-element_type=\"widget\" data-e-type=\"widget\" data-widget_type=\"image.default\">\n\t\t\t\t<div class=\"elementor-widget-container\">\n\t\t\t\t\t\t\t\t\t\t\t\t\t\t\t<img fetchpriority=\"high\" decoding=\"async\" data-attachment-id=\"2338\" data-permalink=\"https:\/\/laclairiereresidency.com\/en\/img_0176-min\/\" data-orig-file=\"https:\/\/i0.wp.com\/laclairiereresidency.com\/wp-content\/uploads\/2025\/06\/IMG_0176-min.jpg?fit=3024%2C4032&amp;ssl=1\" data-orig-size=\"3024,4032\" data-comments-opened=\"1\" data-image-meta=\"{&quot;aperture&quot;:&quot;0&quot;,&quot;credit&quot;:&quot;&quot;,&quot;camera&quot;:&quot;&quot;,&quot;caption&quot;:&quot;&quot;,&quot;created_timestamp&quot;:&quot;0&quot;,&quot;copyright&quot;:&quot;&quot;,&quot;focal_length&quot;:&quot;0&quot;,&quot;iso&quot;:&quot;0&quot;,&quot;shutter_speed&quot;:&quot;0&quot;,&quot;title&quot;:&quot;&quot;,&quot;orientation&quot;:&quot;0&quot;}\" data-image-title=\"IMG_0176-min\" data-image-description=\"\" data-image-caption=\"\" data-large-file=\"https:\/\/i0.wp.com\/laclairiereresidency.com\/wp-content\/uploads\/2025\/06\/IMG_0176-min.jpg?fit=700%2C933&amp;ssl=1\" width=\"3024\" height=\"4032\" src=\"https:\/\/i0.wp.com\/laclairiereresidency.com\/wp-content\/uploads\/2025\/06\/IMG_0176-min.jpg?fit=3024%2C4032&amp;ssl=1\" class=\"attachment-full size-full wp-image-2338\" alt=\"\" srcset=\"https:\/\/i0.wp.com\/laclairiereresidency.com\/wp-content\/uploads\/2025\/06\/IMG_0176-min.jpg?w=3024&amp;ssl=1 3024w, https:\/\/i0.wp.com\/laclairiereresidency.com\/wp-content\/uploads\/2025\/06\/IMG_0176-min.jpg?resize=225%2C300&amp;ssl=1 225w, https:\/\/i0.wp.com\/laclairiereresidency.com\/wp-content\/uploads\/2025\/06\/IMG_0176-min.jpg?resize=768%2C1024&amp;ssl=1 768w, https:\/\/i0.wp.com\/laclairiereresidency.com\/wp-content\/uploads\/2025\/06\/IMG_0176-min.jpg?resize=1152%2C1536&amp;ssl=1 1152w, https:\/\/i0.wp.com\/laclairiereresidency.com\/wp-content\/uploads\/2025\/06\/IMG_0176-min.jpg?resize=1536%2C2048&amp;ssl=1 1536w, https:\/\/i0.wp.com\/laclairiereresidency.com\/wp-content\/uploads\/2025\/06\/IMG_0176-min.jpg?resize=9%2C12&amp;ssl=1 9w, https:\/\/i0.wp.com\/laclairiereresidency.com\/wp-content\/uploads\/2025\/06\/IMG_0176-min.jpg?resize=700%2C933&amp;ssl=1 700w, https:\/\/i0.wp.com\/laclairiereresidency.com\/wp-content\/uploads\/2025\/06\/IMG_0176-min.jpg?resize=2000%2C2667&amp;ssl=1 2000w, https:\/\/i0.wp.com\/laclairiereresidency.com\/wp-content\/uploads\/2025\/06\/IMG_0176-min.jpg?resize=300%2C400&amp;ssl=1 300w, https:\/\/i0.wp.com\/laclairiereresidency.com\/wp-content\/uploads\/2025\/06\/IMG_0176-min.jpg?w=1400&amp;ssl=1 1400w, https:\/\/i0.wp.com\/laclairiereresidency.com\/wp-content\/uploads\/2025\/06\/IMG_0176-min.jpg?w=2100&amp;ssl=1 2100w\" sizes=\"(max-width: 700px) 100vw, 700px\" \/>\t\t\t\t\t\t\t\t\t\t\t\t\t\t\t<\/div>\n\t\t\t\t<\/div>\n\t\t\t\t<\/div>\n\t\t\t\t<\/div>\n\t\t<div class=\"elementor-element elementor-element-b09da11 e-flex e-con-boxed e-con e-parent\" data-id=\"b09da11\" data-element_type=\"container\" data-e-type=\"container\">\n\t\t\t\t\t<div class=\"e-con-inner\">\n\t\t\t\t<div class=\"elementor-element elementor-element-d78f448 elementor-widget elementor-widget-heading\" data-id=\"d78f448\" data-element_type=\"widget\" data-e-type=\"widget\" data-widget_type=\"heading.default\">\n\t\t\t\t<div class=\"elementor-widget-container\">\n\t\t\t\t\t<h2 class=\"elementor-heading-title elementor-size-default\">available equipment<\/h2>\t\t\t\t<\/div>\n\t\t\t\t<\/div>\n\t\t\t\t\t<\/div>\n\t\t\t\t<\/div>\n\t\t<div class=\"elementor-element elementor-element-523daf8 e-con-full e-flex e-con e-parent\" data-id=\"523daf8\" data-element_type=\"container\" data-e-type=\"container\">\n\t\t<div class=\"elementor-element elementor-element-83bc332 e-con-full e-flex e-con e-child\" data-id=\"83bc332\" data-element_type=\"container\" data-e-type=\"container\">\n\t\t\t\t<div class=\"elementor-element elementor-element-1578bd0 elementor-widget elementor-widget-image\" data-id=\"1578bd0\" data-element_type=\"widget\" data-e-type=\"widget\" data-widget_type=\"image.default\">\n\t\t\t\t<div class=\"elementor-widget-container\">\n\t\t\t\t\t\t\t\t\t\t\t\t\t\t\t<img decoding=\"async\" data-attachment-id=\"1491\" data-permalink=\"https:\/\/laclairiereresidency.com\/en\/le-concept-4\/img_0181\/\" data-orig-file=\"https:\/\/i0.wp.com\/laclairiereresidency.com\/wp-content\/uploads\/2025\/05\/IMG_0181-rotated.jpg?fit=3024%2C4032&amp;ssl=1\" data-orig-size=\"3024,4032\" data-comments-opened=\"1\" data-image-meta=\"{&quot;aperture&quot;:&quot;0&quot;,&quot;credit&quot;:&quot;&quot;,&quot;camera&quot;:&quot;&quot;,&quot;caption&quot;:&quot;&quot;,&quot;created_timestamp&quot;:&quot;0&quot;,&quot;copyright&quot;:&quot;&quot;,&quot;focal_length&quot;:&quot;0&quot;,&quot;iso&quot;:&quot;0&quot;,&quot;shutter_speed&quot;:&quot;0&quot;,&quot;title&quot;:&quot;&quot;,&quot;orientation&quot;:&quot;1&quot;}\" data-image-title=\"IMG_0181\" data-image-description=\"\" data-image-caption=\"\" data-large-file=\"https:\/\/i0.wp.com\/laclairiereresidency.com\/wp-content\/uploads\/2025\/05\/IMG_0181-rotated.jpg?fit=700%2C933&amp;ssl=1\" width=\"1536\" height=\"2048\" src=\"https:\/\/i0.wp.com\/laclairiereresidency.com\/wp-content\/uploads\/2025\/05\/IMG_0181-rotated.jpg?fit=1536%2C2048&amp;ssl=1\" class=\"attachment-2048x2048 size-2048x2048 wp-image-1491\" alt=\"\" srcset=\"https:\/\/i0.wp.com\/laclairiereresidency.com\/wp-content\/uploads\/2025\/05\/IMG_0181-rotated.jpg?w=3024&amp;ssl=1 3024w, https:\/\/i0.wp.com\/laclairiereresidency.com\/wp-content\/uploads\/2025\/05\/IMG_0181-rotated.jpg?resize=225%2C300&amp;ssl=1 225w, https:\/\/i0.wp.com\/laclairiereresidency.com\/wp-content\/uploads\/2025\/05\/IMG_0181-rotated.jpg?resize=768%2C1024&amp;ssl=1 768w, https:\/\/i0.wp.com\/laclairiereresidency.com\/wp-content\/uploads\/2025\/05\/IMG_0181-rotated.jpg?resize=1152%2C1536&amp;ssl=1 1152w, https:\/\/i0.wp.com\/laclairiereresidency.com\/wp-content\/uploads\/2025\/05\/IMG_0181-rotated.jpg?resize=1536%2C2048&amp;ssl=1 1536w, https:\/\/i0.wp.com\/laclairiereresidency.com\/wp-content\/uploads\/2025\/05\/IMG_0181-rotated.jpg?resize=9%2C12&amp;ssl=1 9w, https:\/\/i0.wp.com\/laclairiereresidency.com\/wp-content\/uploads\/2025\/05\/IMG_0181-rotated.jpg?resize=700%2C933&amp;ssl=1 700w, https:\/\/i0.wp.com\/laclairiereresidency.com\/wp-content\/uploads\/2025\/05\/IMG_0181-rotated.jpg?resize=2000%2C2667&amp;ssl=1 2000w, https:\/\/i0.wp.com\/laclairiereresidency.com\/wp-content\/uploads\/2025\/05\/IMG_0181-rotated.jpg?resize=300%2C400&amp;ssl=1 300w, https:\/\/i0.wp.com\/laclairiereresidency.com\/wp-content\/uploads\/2025\/05\/IMG_0181-rotated.jpg?w=1400&amp;ssl=1 1400w, https:\/\/i0.wp.com\/laclairiereresidency.com\/wp-content\/uploads\/2025\/05\/IMG_0181-rotated.jpg?w=2100&amp;ssl=1 2100w\" sizes=\"(max-width: 700px) 100vw, 700px\" \/>\t\t\t\t\t\t\t\t\t\t\t\t\t\t\t<\/div>\n\t\t\t\t<\/div>\n\t\t\t\t<\/div>\n\t\t<div class=\"elementor-element elementor-element-7797954 e-con-full e-flex e-con e-child\" data-id=\"7797954\" data-element_type=\"container\" data-e-type=\"container\">\n\t\t\t\t<div class=\"elementor-element elementor-element-3397e40 elementor-widget elementor-widget-text-editor\" data-id=\"3397e40\" data-element_type=\"widget\" data-e-type=\"widget\" data-widget_type=\"text-editor.default\">\n\t\t\t\t<div class=\"elementor-widget-container\">\n\t\t\t\t\t\t\t\t\t<p>Here's a quick summary of what La Clairi\u00e8re has to offer for your stay:<\/p><ul><li>A sound system (mixing desk + three baffles + one sub) with three microphone stands and two microphones (SM58)<\/li><li>Several XLR and jack cables<\/li><li>Mini-jack cable to connect your computer to the sound system<\/li><li>2 bass amps (Ampeg BA112V2\u2032 and Fender Rumble 100w)<\/li><li>2 guitar amps (Fender Deville and Hughes &amp; Kettner)<\/li><li>A Yamaha Gig Maker drumkit<\/li><li>A very well-built and tuned upright piano<\/li><li>A workspace (desk + monitor stands) for your sound card, computer and monitors<\/li><li>A whiteboard to record your ideas<\/li><li>A wide range of power supplies and power strips<\/li><\/ul>\t\t\t\t\t\t\t\t<\/div>\n\t\t\t\t<\/div>\n\t\t\t\t<\/div>\n\t\t\t\t<\/div>\n\t\t\t\t<\/div>","protected":false},"excerpt":{"rendered":"<p>Infos pratiques Le fonctionnement La Clairi\u00e8re est un lieu \u00e9co-responsable situ\u00e9 au milieu des champs mais b\u00e9n\u00e9ficiant tout de m\u00eame de l&rsquo;\u00e9lectricit\u00e9 et de l&rsquo;eau courante. Nous demandons \u00e0 nos r\u00e9sident.e.s d&rsquo;avoir (1) une attitude raisonn\u00e9e par rapport \u00e0 leur consommation d&rsquo;\u00e9nergies et (2) le plus grand respect pour la nature environnante afin que cette &hellip; <a href=\"https:\/\/laclairiereresidency.com\/en\/infos-pratiques\/\" class=\"more-link\">Continue reading <span class=\"screen-reader-text\">Practical Information<\/span> <span class=\"meta-nav\">&rarr;<\/span><\/a><\/p>","protected":false},"author":158366072,"featured_media":0,"parent":0,"menu_order":0,"comment_status":"closed","ping_status":"closed","template":"elementor_header_footer","meta":{"_crdt_document":"","advanced_seo_description":"","jetpack_seo_html_title":"","jetpack_seo_noindex":false,"footnotes":""},"class_list":["post-1425","page","type-page","status-publish","hentry"],"jetpack_likes_enabled":true,"jetpack_sharing_enabled":true,"jetpack_shortlink":"https:\/\/wp.me\/Pb1nHs-mZ","amp_enabled":false,"_links":{"self":[{"href":"https:\/\/laclairiereresidency.com\/en\/wp-json\/wp\/v2\/pages\/1425","targetHints":{"allow":["GET"]}}],"collection":[{"href":"https:\/\/laclairiereresidency.com\/en\/wp-json\/wp\/v2\/pages"}],"about":[{"href":"https:\/\/laclairiereresidency.com\/en\/wp-json\/wp\/v2\/types\/page"}],"author":[{"embeddable":true,"href":"https:\/\/laclairiereresidency.com\/en\/wp-json\/wp\/v2\/users\/158366072"}],"replies":[{"embeddable":true,"href":"https:\/\/laclairiereresidency.com\/en\/wp-json\/wp\/v2\/comments?post=1425"}],"version-history":[{"count":100,"href":"https:\/\/laclairiereresidency.com\/en\/wp-json\/wp\/v2\/pages\/1425\/revisions"}],"predecessor-version":[{"id":2390,"href":"https:\/\/laclairiereresidency.com\/en\/wp-json\/wp\/v2\/pages\/1425\/revisions\/2390"}],"wp:attachment":[{"href":"https:\/\/laclairiereresidency.com\/en\/wp-json\/wp\/v2\/media?parent=1425"}],"curies":[{"name":"wp","href":"https:\/\/api.w.org\/{rel}","templated":true}]}}