{"id":2246,"date":"2025-06-04T15:45:11","date_gmt":"2025-06-04T14:45:11","guid":{"rendered":"https:\/\/laclairiereresidency.com\/?page_id=2246"},"modified":"2025-06-12T08:45:24","modified_gmt":"2025-06-12T07:45:24","slug":"nos-residents","status":"publish","type":"page","link":"https:\/\/laclairiereresidency.com\/en\/nos-residents\/","title":{"rendered":"OUR RESIDENTS"},"content":{"rendered":"<div data-elementor-type=\"wp-page\" data-elementor-id=\"2246\" class=\"elementor elementor-2246\" data-elementor-post-type=\"page\">\n\t\t\t\t<div class=\"elementor-element elementor-element-0d216f7 e-flex e-con-boxed e-con e-parent\" data-id=\"0d216f7\" data-element_type=\"container\" data-e-type=\"container\" data-settings=\"{&quot;background_background&quot;:&quot;classic&quot;}\">\n\t\t\t\t\t<div class=\"e-con-inner\">\n\t\t\t\t<div class=\"elementor-element elementor-element-72f6765 elementor-widget elementor-widget-heading\" data-id=\"72f6765\" data-element_type=\"widget\" data-e-type=\"widget\" data-widget_type=\"heading.default\">\n\t\t\t\t<div class=\"elementor-widget-container\">\n\t\t\t\t\t<h2 class=\"elementor-heading-title elementor-size-default\">OUR RESIDENTS<\/h2>\t\t\t\t<\/div>\n\t\t\t\t<\/div>\n\t\t\t\t\t<\/div>\n\t\t\t\t<\/div>\n\t\t<div class=\"elementor-element elementor-element-5599b84f e-con-full e-flex e-con e-parent\" data-id=\"5599b84f\" data-element_type=\"container\" data-e-type=\"container\">\n\t\t\t\t<div class=\"elementor-element elementor-element-700d785b elementor-widget elementor-widget-text-editor\" data-id=\"700d785b\" data-element_type=\"widget\" data-e-type=\"widget\" data-widget_type=\"text-editor.default\">\n\t\t\t\t<div class=\"elementor-widget-container\">\n\t\t\t\t\t\t\t\t\t\n<p class=\"wp-block-paragraph\">This is where you'll find the little words that residents leave us after their stay at La Clairi\u00e8re!<\/p>\n\t\t\t\t\t\t\t\t<\/div>\n\t\t\t\t<\/div>\n\t\t\t\t<\/div>\n\t\t<div class=\"elementor-element elementor-element-95ef572 e-con-full e-flex e-con e-parent\" data-id=\"95ef572\" data-element_type=\"container\" data-e-type=\"container\" data-settings=\"{&quot;background_background&quot;:&quot;classic&quot;}\">\n\t\t<div class=\"elementor-element elementor-element-7c205d9 e-con-full e-flex e-con e-child\" data-id=\"7c205d9\" data-element_type=\"container\" data-e-type=\"container\">\n\t\t\t\t<div class=\"elementor-element elementor-element-6a27e10 elementor-widget elementor-widget-image\" data-id=\"6a27e10\" data-element_type=\"widget\" data-e-type=\"widget\" data-widget_type=\"image.default\">\n\t\t\t\t<div class=\"elementor-widget-container\">\n\t\t\t\t\t\t\t\t\t\t\t\t\t\t\t<img fetchpriority=\"high\" decoding=\"async\" data-attachment-id=\"2437\" data-permalink=\"https:\/\/laclairiereresidency.com\/en\/nos-residents\/2025-06-11-19_54_58-window\/\" data-orig-file=\"https:\/\/i0.wp.com\/laclairiereresidency.com\/wp-content\/uploads\/2025\/06\/2025-06-11-19_54_58-Window.png?fit=818%2C799&amp;ssl=1\" data-orig-size=\"818,799\" data-comments-opened=\"1\" data-image-meta=\"{&quot;aperture&quot;:&quot;0&quot;,&quot;credit&quot;:&quot;&quot;,&quot;camera&quot;:&quot;&quot;,&quot;caption&quot;:&quot;&quot;,&quot;created_timestamp&quot;:&quot;0&quot;,&quot;copyright&quot;:&quot;&quot;,&quot;focal_length&quot;:&quot;0&quot;,&quot;iso&quot;:&quot;0&quot;,&quot;shutter_speed&quot;:&quot;0&quot;,&quot;title&quot;:&quot;&quot;,&quot;orientation&quot;:&quot;0&quot;}\" data-image-title=\"2025-06-11 19_54_58-Window\" data-image-description=\"\" data-image-caption=\"\" data-large-file=\"https:\/\/i0.wp.com\/laclairiereresidency.com\/wp-content\/uploads\/2025\/06\/2025-06-11-19_54_58-Window.png?fit=700%2C684&amp;ssl=1\" width=\"700\" height=\"684\" src=\"https:\/\/i0.wp.com\/laclairiereresidency.com\/wp-content\/uploads\/2025\/06\/2025-06-11-19_54_58-Window.png?fit=700%2C684&amp;ssl=1\" class=\"attachment-large size-large wp-image-2437\" alt=\"\" srcset=\"https:\/\/i0.wp.com\/laclairiereresidency.com\/wp-content\/uploads\/2025\/06\/2025-06-11-19_54_58-Window.png?w=818&amp;ssl=1 818w, https:\/\/i0.wp.com\/laclairiereresidency.com\/wp-content\/uploads\/2025\/06\/2025-06-11-19_54_58-Window.png?resize=300%2C293&amp;ssl=1 300w, https:\/\/i0.wp.com\/laclairiereresidency.com\/wp-content\/uploads\/2025\/06\/2025-06-11-19_54_58-Window.png?resize=768%2C750&amp;ssl=1 768w, https:\/\/i0.wp.com\/laclairiereresidency.com\/wp-content\/uploads\/2025\/06\/2025-06-11-19_54_58-Window.png?resize=12%2C12&amp;ssl=1 12w, https:\/\/i0.wp.com\/laclairiereresidency.com\/wp-content\/uploads\/2025\/06\/2025-06-11-19_54_58-Window.png?resize=700%2C684&amp;ssl=1 700w, https:\/\/i0.wp.com\/laclairiereresidency.com\/wp-content\/uploads\/2025\/06\/2025-06-11-19_54_58-Window.png?resize=410%2C400&amp;ssl=1 410w, https:\/\/i0.wp.com\/laclairiereresidency.com\/wp-content\/uploads\/2025\/06\/2025-06-11-19_54_58-Window.png?resize=50%2C50&amp;ssl=1 50w\" sizes=\"(max-width: 700px) 100vw, 700px\" \/>\t\t\t\t\t\t\t\t\t\t\t\t\t\t\t<\/div>\n\t\t\t\t<\/div>\n\t\t\t\t<\/div>\n\t\t<div class=\"elementor-element elementor-element-1311860 e-con-full e-flex e-con e-child\" data-id=\"1311860\" data-element_type=\"container\" data-e-type=\"container\">\n\t\t\t\t<div class=\"elementor-element elementor-element-f069a11 elementor-widget elementor-widget-heading\" data-id=\"f069a11\" data-element_type=\"widget\" data-e-type=\"widget\" data-widget_type=\"heading.default\">\n\t\t\t\t<div class=\"elementor-widget-container\">\n\t\t\t\t\t<h2 class=\"elementor-heading-title elementor-size-default\">Post-Magritt<\/h2>\t\t\t\t<\/div>\n\t\t\t\t<\/div>\n\t\t\t\t<div class=\"elementor-element elementor-element-2d580f9 elementor-widget-divider--view-line elementor-widget elementor-widget-divider\" data-id=\"2d580f9\" data-element_type=\"widget\" data-e-type=\"widget\" data-widget_type=\"divider.default\">\n\t\t\t\t<div class=\"elementor-widget-container\">\n\t\t\t\t\t\t\t<div class=\"elementor-divider\">\n\t\t\t<span class=\"elementor-divider-separator\">\n\t\t\t\t\t\t<\/span>\n\t\t<\/div>\n\t\t\t\t\t\t<\/div>\n\t\t\t\t<\/div>\n\t\t\t\t<div class=\"elementor-element elementor-element-415ca53 elementor-widget elementor-widget-text-editor\" data-id=\"415ca53\" data-element_type=\"widget\" data-e-type=\"widget\" data-widget_type=\"text-editor.default\">\n\t\t\t\t<div class=\"elementor-widget-container\">\n\t\t\t\t\t\t\t\t\t<p>\u00ab\u00a0Petit chalet avec le confort minimum n\u00e9cessaire pour se concentrer sur son projet sans distraction (pas de wifi mais de l\u2019eau potable). La r\u00e9sidence se situe sur un terrain cern\u00e9 par les arbres, ce qui renforce un peu plus l&rsquo;impression d\u2019\u00eatre coup\u00e9 du monde. Un moment hors du temps (bizarrement qui passe beaucoup plus vite \u00e0 la Clairi\u00e8re !)\u00a0\u00bb<\/p>\t\t\t\t\t\t\t\t<\/div>\n\t\t\t\t<\/div>\n\t\t\t\t<\/div>\n\t\t\t\t<\/div>\n\t\t<div class=\"elementor-element elementor-element-1553deb e-con-full e-flex e-con e-parent\" data-id=\"1553deb\" data-element_type=\"container\" data-e-type=\"container\" data-settings=\"{&quot;background_background&quot;:&quot;classic&quot;}\">\n\t\t\t\t<div class=\"elementor-element elementor-element-9d5ad12 elementor-widget-divider--separator-type-pattern elementor-widget-divider--view-line elementor-widget elementor-widget-divider\" data-id=\"9d5ad12\" data-element_type=\"widget\" data-e-type=\"widget\" data-widget_type=\"divider.default\">\n\t\t\t\t<div class=\"elementor-widget-container\">\n\t\t\t\t\t\t\t<div class=\"elementor-divider\" style=\"--divider-pattern-url: url(&quot;data:image\/svg+xml,%3Csvg xmlns=&#039;http:\/\/www.w3.org\/2000\/svg&#039; preserveAspectRatio=&#039;none&#039; overflow=&#039;visible&#039; height=&#039;100%&#039; viewBox=&#039;0 0 24 24&#039; fill=&#039;none&#039; stroke=&#039;black&#039; stroke-width=&#039;1&#039; stroke-linecap=&#039;square&#039; stroke-miterlimit=&#039;10&#039;%3E%3Cpolyline points=&#039;0,18 12,6 24,18 &#039;\/%3E%3C\/svg%3E&quot;);\">\n\t\t\t<span class=\"elementor-divider-separator\">\n\t\t\t\t\t\t<\/span>\n\t\t<\/div>\n\t\t\t\t\t\t<\/div>\n\t\t\t\t<\/div>\n\t\t\t\t<\/div>\n\t\t<div class=\"elementor-element elementor-element-060e326 e-con-full e-flex e-con e-parent\" data-id=\"060e326\" data-element_type=\"container\" data-e-type=\"container\" data-settings=\"{&quot;background_background&quot;:&quot;classic&quot;}\">\n\t\t<div class=\"elementor-element elementor-element-903d234 e-con-full e-flex e-con e-child\" data-id=\"903d234\" data-element_type=\"container\" data-e-type=\"container\">\n\t\t\t\t<div class=\"elementor-element elementor-element-1a35f26 elementor-widget elementor-widget-image\" data-id=\"1a35f26\" data-element_type=\"widget\" data-e-type=\"widget\" data-widget_type=\"image.default\">\n\t\t\t\t<div class=\"elementor-widget-container\">\n\t\t\t\t\t\t\t\t\t\t\t\t\t\t\t<img decoding=\"async\" data-attachment-id=\"2255\" data-permalink=\"https:\/\/laclairiereresidency.com\/en\/nos-residents\/503327644_18115806325477503_8464582637213126664_n\/\" data-orig-file=\"https:\/\/i0.wp.com\/laclairiereresidency.com\/wp-content\/uploads\/2025\/06\/503327644_18115806325477503_8464582637213126664_n.jpg?fit=1440%2C1440&amp;ssl=1\" data-orig-size=\"1440,1440\" data-comments-opened=\"1\" data-image-meta=\"{&quot;aperture&quot;:&quot;0&quot;,&quot;credit&quot;:&quot;&quot;,&quot;camera&quot;:&quot;&quot;,&quot;caption&quot;:&quot;&quot;,&quot;created_timestamp&quot;:&quot;0&quot;,&quot;copyright&quot;:&quot;&quot;,&quot;focal_length&quot;:&quot;0&quot;,&quot;iso&quot;:&quot;0&quot;,&quot;shutter_speed&quot;:&quot;0&quot;,&quot;title&quot;:&quot;&quot;,&quot;orientation&quot;:&quot;0&quot;}\" data-image-title=\"503327644_18115806325477503_8464582637213126664_n\" data-image-description=\"\" data-image-caption=\"\" data-large-file=\"https:\/\/i0.wp.com\/laclairiereresidency.com\/wp-content\/uploads\/2025\/06\/503327644_18115806325477503_8464582637213126664_n.jpg?fit=700%2C700&amp;ssl=1\" width=\"700\" height=\"700\" src=\"https:\/\/i0.wp.com\/laclairiereresidency.com\/wp-content\/uploads\/2025\/06\/503327644_18115806325477503_8464582637213126664_n.jpg?fit=700%2C700&amp;ssl=1\" class=\"attachment-large size-large wp-image-2255\" alt=\"\" srcset=\"https:\/\/i0.wp.com\/laclairiereresidency.com\/wp-content\/uploads\/2025\/06\/503327644_18115806325477503_8464582637213126664_n.jpg?w=1440&amp;ssl=1 1440w, https:\/\/i0.wp.com\/laclairiereresidency.com\/wp-content\/uploads\/2025\/06\/503327644_18115806325477503_8464582637213126664_n.jpg?resize=300%2C300&amp;ssl=1 300w, https:\/\/i0.wp.com\/laclairiereresidency.com\/wp-content\/uploads\/2025\/06\/503327644_18115806325477503_8464582637213126664_n.jpg?resize=1024%2C1024&amp;ssl=1 1024w, https:\/\/i0.wp.com\/laclairiereresidency.com\/wp-content\/uploads\/2025\/06\/503327644_18115806325477503_8464582637213126664_n.jpg?resize=150%2C150&amp;ssl=1 150w, https:\/\/i0.wp.com\/laclairiereresidency.com\/wp-content\/uploads\/2025\/06\/503327644_18115806325477503_8464582637213126664_n.jpg?resize=768%2C768&amp;ssl=1 768w, https:\/\/i0.wp.com\/laclairiereresidency.com\/wp-content\/uploads\/2025\/06\/503327644_18115806325477503_8464582637213126664_n.jpg?resize=12%2C12&amp;ssl=1 12w, https:\/\/i0.wp.com\/laclairiereresidency.com\/wp-content\/uploads\/2025\/06\/503327644_18115806325477503_8464582637213126664_n.jpg?resize=700%2C700&amp;ssl=1 700w, https:\/\/i0.wp.com\/laclairiereresidency.com\/wp-content\/uploads\/2025\/06\/503327644_18115806325477503_8464582637213126664_n.jpg?resize=100%2C100&amp;ssl=1 100w, https:\/\/i0.wp.com\/laclairiereresidency.com\/wp-content\/uploads\/2025\/06\/503327644_18115806325477503_8464582637213126664_n.jpg?resize=400%2C400&amp;ssl=1 400w, https:\/\/i0.wp.com\/laclairiereresidency.com\/wp-content\/uploads\/2025\/06\/503327644_18115806325477503_8464582637213126664_n.jpg?resize=50%2C50&amp;ssl=1 50w\" sizes=\"(max-width: 700px) 100vw, 700px\" \/>\t\t\t\t\t\t\t\t\t\t\t\t\t\t\t<\/div>\n\t\t\t\t<\/div>\n\t\t\t\t<\/div>\n\t\t<div class=\"elementor-element elementor-element-4f48e3b e-con-full e-flex e-con e-child\" data-id=\"4f48e3b\" data-element_type=\"container\" data-e-type=\"container\">\n\t\t\t\t<div class=\"elementor-element elementor-element-0b37bb4 elementor-widget elementor-widget-heading\" data-id=\"0b37bb4\" data-element_type=\"widget\" data-e-type=\"widget\" data-widget_type=\"heading.default\">\n\t\t\t\t<div class=\"elementor-widget-container\">\n\t\t\t\t\t<h2 class=\"elementor-heading-title elementor-size-default\">4nouki<\/h2>\t\t\t\t<\/div>\n\t\t\t\t<\/div>\n\t\t\t\t<div class=\"elementor-element elementor-element-53e5b04 elementor-widget-divider--view-line elementor-widget elementor-widget-divider\" data-id=\"53e5b04\" data-element_type=\"widget\" data-e-type=\"widget\" data-widget_type=\"divider.default\">\n\t\t\t\t<div class=\"elementor-widget-container\">\n\t\t\t\t\t\t\t<div class=\"elementor-divider\">\n\t\t\t<span class=\"elementor-divider-separator\">\n\t\t\t\t\t\t<\/span>\n\t\t<\/div>\n\t\t\t\t\t\t<\/div>\n\t\t\t\t<\/div>\n\t\t\t\t<div class=\"elementor-element elementor-element-a568612 elementor-widget elementor-widget-text-editor\" data-id=\"a568612\" data-element_type=\"widget\" data-e-type=\"widget\" data-widget_type=\"text-editor.default\">\n\t\t\t\t<div class=\"elementor-widget-container\">\n\t\t\t\t\t\t\t\t\t<p>\"La Clairi\u00e8re was a chance to get away from the hustle and bustle of the city, and in this little cocoon in the middle of nature, recharge my batteries with the sounds of the birds, the little walks along the nearby canal, and be able to play music whenever I wanted in the best possible conditions. Would definitely do it again!\"<\/p>\t\t\t\t\t\t\t\t<\/div>\n\t\t\t\t<\/div>\n\t\t\t\t<\/div>\n\t\t\t\t<\/div>\n\t\t\t\t<\/div>","protected":false},"excerpt":{"rendered":"<p>NOS R\u00e9sident.e.s C&rsquo;est ici que vous retrouverez les petits mots que nous laissent les r\u00e9sidents apr\u00e8s leur passage \u00e0 La Clairi\u00e8re ! Post-Magritt \u00ab\u00a0Petit chalet avec le confort minimum n\u00e9cessaire pour se concentrer sur son projet sans distraction (pas de wifi mais de l\u2019eau potable). La r\u00e9sidence se situe sur un terrain cern\u00e9 par les &hellip; <a href=\"https:\/\/laclairiereresidency.com\/en\/nos-residents\/\" class=\"more-link\">Continue reading <span class=\"screen-reader-text\">OUR RESIDENTS<\/span> <span class=\"meta-nav\">&rarr;<\/span><\/a><\/p>","protected":false},"author":158366072,"featured_media":107,"parent":0,"menu_order":0,"comment_status":"closed","ping_status":"closed","template":"elementor_header_footer","meta":{"_crdt_document":"","advanced_seo_description":"","jetpack_seo_html_title":"","jetpack_seo_noindex":false,"footnotes":""},"class_list":["post-2246","page","type-page","status-publish","has-post-thumbnail","hentry"],"jetpack_likes_enabled":true,"jetpack_sharing_enabled":true,"jetpack_shortlink":"https:\/\/wp.me\/Pb1nHs-Ae","amp_enabled":false,"_links":{"self":[{"href":"https:\/\/laclairiereresidency.com\/en\/wp-json\/wp\/v2\/pages\/2246","targetHints":{"allow":["GET"]}}],"collection":[{"href":"https:\/\/laclairiereresidency.com\/en\/wp-json\/wp\/v2\/pages"}],"about":[{"href":"https:\/\/laclairiereresidency.com\/en\/wp-json\/wp\/v2\/types\/page"}],"author":[{"embeddable":true,"href":"https:\/\/laclairiereresidency.com\/en\/wp-json\/wp\/v2\/users\/158366072"}],"replies":[{"embeddable":true,"href":"https:\/\/laclairiereresidency.com\/en\/wp-json\/wp\/v2\/comments?post=2246"}],"version-history":[{"count":43,"href":"https:\/\/laclairiereresidency.com\/en\/wp-json\/wp\/v2\/pages\/2246\/revisions"}],"predecessor-version":[{"id":2449,"href":"https:\/\/laclairiereresidency.com\/en\/wp-json\/wp\/v2\/pages\/2246\/revisions\/2449"}],"wp:featuredmedia":[{"embeddable":true,"href":"https:\/\/laclairiereresidency.com\/en\/wp-json\/wp\/v2\/media\/107"}],"wp:attachment":[{"href":"https:\/\/laclairiereresidency.com\/en\/wp-json\/wp\/v2\/media?parent=2246"}],"curies":[{"name":"wp","href":"https:\/\/api.w.org\/{rel}","templated":true}]}}